{"id":14495,"date":"2026-03-20T02:57:44","date_gmt":"2026-03-20T02:57:44","guid":{"rendered":"https:\/\/clearnames.shop\/?post_type=product&#038;p=14495"},"modified":"2026-03-20T03:03:01","modified_gmt":"2026-03-20T03:03:01","slug":"fohere-home-popcornmaschine-55-l-popcornmaschine-mit-zucker-ol-butter-antihaftbeschichtung-und-abnehmbarer-heizflache-leise-und-schnell-groser-deckel-als-servierschale","status":"publish","type":"product","link":"https:\/\/clearnames.shop\/de\/produkt\/fohere-home-popcornmaschine-55-l-popcornmaschine-mit-zucker-ol-butter-antihaftbeschichtung-und-abnehmbarer-heizflache-leise-und-schnell-groser-deckel-als-servierschale\/","title":{"rendered":"FOHERE-Home Popcornmaschine, 5,5 L Popcornmaschine mit Zucker, \u00d6l, Butter, Antihaftbeschichtung und abnehmbarer Heizfl\u00e4che, leise und schnell, gro\u00dfer Deckel als Servierschale"},"content":{"rendered":"<div data-elementor-type=\"product-post\" data-elementor-id=\"14495\" class=\"elementor elementor-14495\" data-elementor-post-type=\"product\">\n\t\t\t\t<div class=\"elementor-element elementor-element-57a09a08 e-flex e-con-boxed e-con e-parent\" data-id=\"57a09a08\" data-element_type=\"container\" data-settings=\"{&quot;ekit_has_onepagescroll_dot&quot;:&quot;yes&quot;}\">\n\t\t\t\t\t<div class=\"e-con-inner\">\n\t\t\t\t<div class=\"elementor-element elementor-element-5d32ca94 elementor-widget elementor-widget-image\" data-id=\"5d32ca94\" data-element_type=\"widget\" data-settings=\"{&quot;ekit_we_effect_on&quot;:&quot;none&quot;}\" data-widget_type=\"image.default\">\n\t\t\t\t<div class=\"elementor-widget-container\">\n\t\t\t\t\t\t\t\t\t\t\t\t\t\t\t<img loading=\"lazy\" decoding=\"async\" width=\"1464\" height=\"600\" src=\"https:\/\/clearnames.shop\/wp-content\/uploads\/2026\/03\/1-75.jpg\" class=\"attachment-full size-full wp-image-14504 wvs-archive-product-image\" alt=\"\" srcset=\"https:\/\/clearnames.shop\/wp-content\/uploads\/2026\/03\/1-75.jpg 1464w, https:\/\/clearnames.shop\/wp-content\/uploads\/2026\/03\/1-75-300x123.jpg 300w, https:\/\/clearnames.shop\/wp-content\/uploads\/2026\/03\/1-75-1024x420.jpg 1024w, https:\/\/clearnames.shop\/wp-content\/uploads\/2026\/03\/1-75-768x315.jpg 768w, https:\/\/clearnames.shop\/wp-content\/uploads\/2026\/03\/1-75-18x7.jpg 18w, https:\/\/clearnames.shop\/wp-content\/uploads\/2026\/03\/1-75-600x246.jpg 600w, https:\/\/clearnames.shop\/wp-content\/uploads\/2026\/03\/1-75-1x1.jpg 1w, https:\/\/clearnames.shop\/wp-content\/uploads\/2026\/03\/1-75-10x4.jpg 10w\" sizes=\"auto, (max-width: 1464px) 100vw, 1464px\" \/>\t\t\t\t\t\t\t\t\t\t\t\t\t\t\t<\/div>\n\t\t\t\t<\/div>\n\t\t\t\t<div class=\"elementor-element elementor-element-41116df9 elementor-widget elementor-widget-image\" data-id=\"41116df9\" data-element_type=\"widget\" data-settings=\"{&quot;ekit_we_effect_on&quot;:&quot;none&quot;}\" data-widget_type=\"image.default\">\n\t\t\t\t<div class=\"elementor-widget-container\">\n\t\t\t\t\t\t\t\t\t\t\t\t\t\t\t<img loading=\"lazy\" decoding=\"async\" width=\"1464\" height=\"600\" src=\"https:\/\/clearnames.shop\/wp-content\/uploads\/2026\/03\/2-51.jpg\" class=\"attachment-full size-full wp-image-14505 wvs-archive-product-image\" alt=\"\" srcset=\"https:\/\/clearnames.shop\/wp-content\/uploads\/2026\/03\/2-51.jpg 1464w, https:\/\/clearnames.shop\/wp-content\/uploads\/2026\/03\/2-51-300x123.jpg 300w, https:\/\/clearnames.shop\/wp-content\/uploads\/2026\/03\/2-51-1024x420.jpg 1024w, https:\/\/clearnames.shop\/wp-content\/uploads\/2026\/03\/2-51-768x315.jpg 768w, https:\/\/clearnames.shop\/wp-content\/uploads\/2026\/03\/2-51-18x7.jpg 18w, https:\/\/clearnames.shop\/wp-content\/uploads\/2026\/03\/2-51-600x246.jpg 600w, https:\/\/clearnames.shop\/wp-content\/uploads\/2026\/03\/2-51-1x1.jpg 1w, https:\/\/clearnames.shop\/wp-content\/uploads\/2026\/03\/2-51-10x4.jpg 10w\" sizes=\"auto, (max-width: 1464px) 100vw, 1464px\" \/>\t\t\t\t\t\t\t\t\t\t\t\t\t\t\t<\/div>\n\t\t\t\t<\/div>\n\t\t\t\t<div class=\"elementor-element elementor-element-6dd3fc41 elementor--h-position-center elementor--v-position-middle elementor-arrows-position-inside elementor-pagination-position-inside elementor-widget elementor-widget-slides\" data-id=\"6dd3fc41\" data-element_type=\"widget\" data-settings=\"{&quot;navigation&quot;:&quot;both&quot;,&quot;autoplay&quot;:&quot;yes&quot;,&quot;pause_on_hover&quot;:&quot;yes&quot;,&quot;pause_on_interaction&quot;:&quot;yes&quot;,&quot;autoplay_speed&quot;:5000,&quot;infinite&quot;:&quot;yes&quot;,&quot;transition&quot;:&quot;slide&quot;,&quot;transition_speed&quot;:500,&quot;ekit_we_effect_on&quot;:&quot;none&quot;}\" data-widget_type=\"slides.default\">\n\t\t\t\t<div class=\"elementor-widget-container\">\n\t\t\t\t\t\t\t\t\t<div class=\"elementor-swiper\">\r\n\t\t\t\t\t<div class=\"elementor-slides-wrapper elementor-main-swiper swiper\" role=\"region\" aria-roledescription=\"carousel\" aria-label=\"Folien\" dir=\"ltr\" data-animation=\"fadeInUp\">\r\n\t\t\t\t<div class=\"swiper-wrapper elementor-slides\">\r\n\t\t\t\t\t\t\t\t\t\t<div class=\"elementor-repeater-item-31a438e swiper-slide\" role=\"group\" aria-roledescription=\"slide\"><div class=\"swiper-slide-bg\" role=\"img\" aria-label=\"3-47.jpg\"><\/div><div class=\"swiper-slide-inner\" ><div class=\"swiper-slide-contents\"><\/div><\/div><\/div><div class=\"elementor-repeater-item-19342af swiper-slide\" role=\"group\" aria-roledescription=\"slide\"><div class=\"swiper-slide-bg\" role=\"img\" aria-label=\"4-37.jpg\"><\/div><div class=\"swiper-slide-inner\" ><div class=\"swiper-slide-contents\"><\/div><\/div><\/div><div class=\"elementor-repeater-item-06ad2e5 swiper-slide\" role=\"group\" aria-roledescription=\"slide\"><div class=\"swiper-slide-bg\" role=\"img\" aria-label=\"5-30.jpg\"><\/div><div class=\"swiper-slide-inner\" ><div class=\"swiper-slide-contents\"><\/div><\/div><\/div>\t\t\t\t<\/div>\r\n\t\t\t\t\t\t\t\t\t\t\t\t\t\t\t<div class=\"elementor-swiper-button elementor-swiper-button-prev\" role=\"button\" tabindex=\"0\" aria-label=\"Vorheriges Dia\">\r\n\t\t\t\t\t\t\t<svg aria-hidden=\"true\" class=\"e-font-icon-svg e-eicon-chevron-left\" viewbox=\"0 0 1000 1000\" xmlns=\"http:\/\/www.w3.org\/2000\/svg\"><path d=\"M646 125C629 125 613 133 604 142L308 442C296 454 292 471 292 487 292 504 296 521 308 533L604 854C617 867 629 875 646 875 663 875 679 871 692 858 704 846 713 829 713 812 713 796 708 779 692 767L438 487 692 225C700 217 708 204 708 187 708 171 704 154 692 142 675 129 663 125 646 125Z\"><\/path><\/svg>\t\t\t\t\t\t<\/div>\r\n\t\t\t\t\t\t<div class=\"elementor-swiper-button elementor-swiper-button-next\" role=\"button\" tabindex=\"0\" aria-label=\"N\u00e4chste Folie\">\r\n\t\t\t\t\t\t\t<svg aria-hidden=\"true\" class=\"e-font-icon-svg e-eicon-chevron-right\" viewbox=\"0 0 1000 1000\" xmlns=\"http:\/\/www.w3.org\/2000\/svg\"><path d=\"M696 533C708 521 713 504 713 487 713 471 708 454 696 446L400 146C388 133 375 125 354 125 338 125 325 129 313 142 300 154 292 171 292 187 292 204 296 221 308 233L563 492 304 771C292 783 288 800 288 817 288 833 296 850 308 863 321 871 338 875 354 875 371 875 388 867 400 854L696 533Z\"><\/path><\/svg>\t\t\t\t\t\t<\/div>\r\n\t\t\t\t\t\t\t\t\t\t\t\t\t\t\t\t<div class=\"swiper-pagination\"><\/div>\r\n\t\t\t\t\t\t\t\t\t\t\t\t<\/div>\r\n\t\t\t\t<\/div>\r\n\t\t\t\t\t\t\t\t<\/div>\n\t\t\t\t<\/div>\n\t\t\t\t<div class=\"elementor-element elementor-element-7c755d26 elementor-widget elementor-widget-image\" data-id=\"7c755d26\" data-element_type=\"widget\" data-settings=\"{&quot;ekit_we_effect_on&quot;:&quot;none&quot;}\" data-widget_type=\"image.default\">\n\t\t\t\t<div class=\"elementor-widget-container\">\n\t\t\t\t\t\t\t\t\t\t\t\t\t\t\t<img loading=\"lazy\" decoding=\"async\" width=\"1464\" height=\"600\" src=\"https:\/\/clearnames.shop\/wp-content\/uploads\/2026\/03\/6-25.jpg\" class=\"attachment-full size-full wp-image-14509 wvs-archive-product-image\" alt=\"\" srcset=\"https:\/\/clearnames.shop\/wp-content\/uploads\/2026\/03\/6-25.jpg 1464w, https:\/\/clearnames.shop\/wp-content\/uploads\/2026\/03\/6-25-300x123.jpg 300w, https:\/\/clearnames.shop\/wp-content\/uploads\/2026\/03\/6-25-1024x420.jpg 1024w, https:\/\/clearnames.shop\/wp-content\/uploads\/2026\/03\/6-25-768x315.jpg 768w, https:\/\/clearnames.shop\/wp-content\/uploads\/2026\/03\/6-25-18x7.jpg 18w, https:\/\/clearnames.shop\/wp-content\/uploads\/2026\/03\/6-25-600x246.jpg 600w, https:\/\/clearnames.shop\/wp-content\/uploads\/2026\/03\/6-25-1x1.jpg 1w, https:\/\/clearnames.shop\/wp-content\/uploads\/2026\/03\/6-25-10x4.jpg 10w\" sizes=\"auto, (max-width: 1464px) 100vw, 1464px\" \/>\t\t\t\t\t\t\t\t\t\t\t\t\t\t\t<\/div>\n\t\t\t\t<\/div>\n\t\t\t\t<div class=\"elementor-element elementor-element-47c0487d elementor-widget elementor-widget-image\" data-id=\"47c0487d\" data-element_type=\"widget\" data-settings=\"{&quot;ekit_we_effect_on&quot;:&quot;none&quot;}\" data-widget_type=\"image.default\">\n\t\t\t\t<div class=\"elementor-widget-container\">\n\t\t\t\t\t\t\t\t\t\t\t\t\t\t\t<img loading=\"lazy\" decoding=\"async\" width=\"1464\" height=\"600\" src=\"https:\/\/clearnames.shop\/wp-content\/uploads\/2026\/03\/7-11.jpg\" class=\"attachment-full size-full wp-image-14510 wvs-archive-product-image\" alt=\"\" srcset=\"https:\/\/clearnames.shop\/wp-content\/uploads\/2026\/03\/7-11.jpg 1464w, https:\/\/clearnames.shop\/wp-content\/uploads\/2026\/03\/7-11-300x123.jpg 300w, https:\/\/clearnames.shop\/wp-content\/uploads\/2026\/03\/7-11-1024x420.jpg 1024w, https:\/\/clearnames.shop\/wp-content\/uploads\/2026\/03\/7-11-768x315.jpg 768w, https:\/\/clearnames.shop\/wp-content\/uploads\/2026\/03\/7-11-18x7.jpg 18w, https:\/\/clearnames.shop\/wp-content\/uploads\/2026\/03\/7-11-600x246.jpg 600w, https:\/\/clearnames.shop\/wp-content\/uploads\/2026\/03\/7-11-1x1.jpg 1w, https:\/\/clearnames.shop\/wp-content\/uploads\/2026\/03\/7-11-10x4.jpg 10w\" sizes=\"auto, (max-width: 1464px) 100vw, 1464px\" \/>\t\t\t\t\t\t\t\t\t\t\t\t\t\t\t<\/div>\n\t\t\t\t<\/div>\n\t\t\t\t<div class=\"elementor-element elementor-element-15e63de0 elementor--h-position-center elementor--v-position-middle elementor-arrows-position-inside elementor-pagination-position-inside elementor-widget elementor-widget-slides\" data-id=\"15e63de0\" data-element_type=\"widget\" data-settings=\"{&quot;navigation&quot;:&quot;both&quot;,&quot;autoplay&quot;:&quot;yes&quot;,&quot;pause_on_hover&quot;:&quot;yes&quot;,&quot;pause_on_interaction&quot;:&quot;yes&quot;,&quot;autoplay_speed&quot;:5000,&quot;infinite&quot;:&quot;yes&quot;,&quot;transition&quot;:&quot;slide&quot;,&quot;transition_speed&quot;:500,&quot;ekit_we_effect_on&quot;:&quot;none&quot;}\" data-widget_type=\"slides.default\">\n\t\t\t\t<div class=\"elementor-widget-container\">\n\t\t\t\t\t\t\t\t\t<div class=\"elementor-swiper\">\r\n\t\t\t\t\t<div class=\"elementor-slides-wrapper elementor-main-swiper swiper\" role=\"region\" aria-roledescription=\"carousel\" aria-label=\"Folien\" dir=\"ltr\" data-animation=\"fadeInUp\">\r\n\t\t\t\t<div class=\"swiper-wrapper elementor-slides\">\r\n\t\t\t\t\t\t\t\t\t\t<div class=\"elementor-repeater-item-e914951 swiper-slide\" role=\"group\" aria-roledescription=\"slide\"><div class=\"swiper-slide-bg\" role=\"img\" aria-label=\"8-7.jpg\"><\/div><div class=\"swiper-slide-inner\" ><div class=\"swiper-slide-contents\"><\/div><\/div><\/div><div class=\"elementor-repeater-item-741fdfd swiper-slide\" role=\"group\" aria-roledescription=\"slide\"><div class=\"swiper-slide-bg\" role=\"img\" aria-label=\"9-8.jpg\"><\/div><div class=\"swiper-slide-inner\" ><div class=\"swiper-slide-contents\"><\/div><\/div><\/div><div class=\"elementor-repeater-item-04782d3 swiper-slide\" role=\"group\" aria-roledescription=\"slide\"><div class=\"swiper-slide-bg\" role=\"img\" aria-label=\"10-1.jpg\"><\/div><div class=\"swiper-slide-inner\" ><div class=\"swiper-slide-contents\"><\/div><\/div><\/div><div class=\"elementor-repeater-item-5b97eaf swiper-slide\" role=\"group\" aria-roledescription=\"slide\"><div class=\"swiper-slide-bg\" role=\"img\" aria-label=\"11-6.jpg\"><\/div><div class=\"swiper-slide-inner\" ><div class=\"swiper-slide-contents\"><\/div><\/div><\/div><div class=\"elementor-repeater-item-e205ff4 swiper-slide\" role=\"group\" aria-roledescription=\"slide\"><div class=\"swiper-slide-bg\" role=\"img\" aria-label=\"12-3.jpg\"><\/div><div class=\"swiper-slide-inner\" ><div class=\"swiper-slide-contents\"><\/div><\/div><\/div>\t\t\t\t<\/div>\r\n\t\t\t\t\t\t\t\t\t\t\t\t\t\t\t<div class=\"elementor-swiper-button elementor-swiper-button-prev\" role=\"button\" tabindex=\"0\" aria-label=\"Vorheriges Dia\">\r\n\t\t\t\t\t\t\t<svg aria-hidden=\"true\" class=\"e-font-icon-svg e-eicon-chevron-left\" viewbox=\"0 0 1000 1000\" xmlns=\"http:\/\/www.w3.org\/2000\/svg\"><path d=\"M646 125C629 125 613 133 604 142L308 442C296 454 292 471 292 487 292 504 296 521 308 533L604 854C617 867 629 875 646 875 663 875 679 871 692 858 704 846 713 829 713 812 713 796 708 779 692 767L438 487 692 225C700 217 708 204 708 187 708 171 704 154 692 142 675 129 663 125 646 125Z\"><\/path><\/svg>\t\t\t\t\t\t<\/div>\r\n\t\t\t\t\t\t<div class=\"elementor-swiper-button elementor-swiper-button-next\" role=\"button\" tabindex=\"0\" aria-label=\"N\u00e4chste Folie\">\r\n\t\t\t\t\t\t\t<svg aria-hidden=\"true\" class=\"e-font-icon-svg e-eicon-chevron-right\" viewbox=\"0 0 1000 1000\" xmlns=\"http:\/\/www.w3.org\/2000\/svg\"><path d=\"M696 533C708 521 713 504 713 487 713 471 708 454 696 446L400 146C388 133 375 125 354 125 338 125 325 129 313 142 300 154 292 171 292 187 292 204 296 221 308 233L563 492 304 771C292 783 288 800 288 817 288 833 296 850 308 863 321 871 338 875 354 875 371 875 388 867 400 854L696 533Z\"><\/path><\/svg>\t\t\t\t\t\t<\/div>\r\n\t\t\t\t\t\t\t\t\t\t\t\t\t\t\t\t<div class=\"swiper-pagination\"><\/div>\r\n\t\t\t\t\t\t\t\t\t\t\t\t<\/div>\r\n\t\t\t\t<\/div>\r\n\t\t\t\t\t\t\t\t<\/div>\n\t\t\t\t<\/div>\n\t\t\t\t<div class=\"elementor-element elementor-element-4c0f361f elementor-widget elementor-widget-text-editor\" data-id=\"4c0f361f\" data-element_type=\"widget\" data-settings=\"{&quot;ekit_we_effect_on&quot;:&quot;none&quot;}\" data-widget_type=\"text-editor.default\">\n\t\t\t\t<div class=\"elementor-widget-container\">\n\t\t\t\t\t\t\t\t\t<table class=\"specs-table\">\n    <tr>\n        <td>Fassungsverm\u00f6gen<\/td>\n        <td><span class=\"capacity-badge\">5 Liter<\/span><\/td>\n    <\/tr>\n    <tr>\n        <td>Leistung<\/td>\n        <td><span class=\"power-badge\">800 Watt<\/span><\/td>\n    <\/tr>\n    <tr>\n        <td>Material<\/td>\n        <td><span class=\"material-badge\">Metall mit Antihaft-Komponenten<\/span><\/td>\n    <\/tr>\n    <tr>\n        <td>Weitere Spezifikationen<\/td>\n        <td>\n            <div class=\"features-grid\">\n                <span class=\"feature-tag\">Ein-Knopf-Bedienung<\/span>\n                <span class=\"feature-tag\">hohe Sandstrahlrate<\/span>\n                <span class=\"feature-tag\">Antihaftbeschichtung<\/span>\n                <span class=\"feature-tag\">abnehmbare Heizfl\u00e4che<\/span>\n                <span class=\"feature-tag\">bel\u00fcftetes Design<\/span>\n                <span class=\"feature-tag\">Cool-Touch-Griffe<\/span>\n            <\/div>\n        <\/td>\n    <\/tr>\n    <tr>\n        <td>Artikelgewicht<\/td>\n        <td><span class=\"weight-badge\">2,23 Kilogramm<\/span><\/td>\n    <\/tr>\n<\/table>\n\n<style>\n    .specs-table {\n        width: 100%;\n        border-collapse: collapse;\n        font-family: 'Segoe UI', Arial, sans-serif;\n        font-size: 14px;\n    }\n    .specs-table tr {\n        border-bottom: 1px solid #e0e0e0;\n    }\n    .specs-table td {\n        padding: 12px 0;\n        text-align: left;\n        vertical-align: top;\n    }\n    .specs-table td:first-child {\n        font-weight: 600;\n        width: 35%;\n        color: #2c3e50;\n    }\n    .specs-table td:last-child {\n        width: 65%;\n    }\n    .capacity-badge {\n        background-color: #e3f2fd;\n        color: #1565c0;\n        padding: 8px 16px;\n        border-radius: 4px;\n        font-weight: 600;\n        display: inline-block;\n        border: 1px solid #bbdefb;\n    }\n    .power-badge {\n        background-color: #fff8e1;\n        color: #ff8f00;\n        padding: 8px 16px;\n        border-radius: 4px;\n        font-weight: 700;\n        font-size: 15px;\n        display: inline-block;\n        border: 1px solid #ffecb3;\n    }\n    .material-badge {\n        background-color: #f5f5f5;\n        color: #424242;\n        padding: 8px 16px;\n        border-radius: 4px;\n        font-weight: 600;\n        display: inline-block;\n        border: 1px solid #e0e0e0;\n    }\n    .features-grid {\n        display: grid;\n        grid-template-columns: repeat(auto-fill, minmax(200px, 1fr));\n        gap: 8px;\n    }\n    .feature-tag {\n        background-color: #e8f5e9;\n        color: #2e7d32;\n        padding: 6px 10px;\n        border-radius: 4px;\n        font-size: 12px;\n        display: inline-block;\n        border: 1px solid #c8e6c9;\n    }\n    .weight-badge {\n        background-color: #e0f2f1;\n        color: #00695c;\n        padding: 8px 16px;\n        border-radius: 4px;\n        font-weight: 600;\n        display: inline-block;\n        border: 1px solid #b2dfdb;\n    }\n<\/style>\t\t\t\t\t\t\t\t<\/div>\n\t\t\t\t<\/div>\n\t\t\t\t\t<\/div>\n\t\t\t\t<\/div>\n\t\t\t\t<\/div>","protected":false},"excerpt":{"rendered":"<p>Fassungsverm\u00f6gen \u200e5 Liter Leistung \u200e800 Watt Material \u200eMetall mit Antihaft-Komponenten Weitere Spezifikationen Ein-Knopf-Bedienung hohe Sandstrahlrate Antihaftbeschichtung abnehmbare Heizfl\u00e4che bel\u00fcftetes Design&#8230;<\/p>","protected":false},"featured_media":14496,"comment_status":"open","ping_status":"closed","template":"","meta":{"_acf_changed":false},"etheme_brands":[],"product_brand":[],"product_cat":[118],"product_tag":[],"class_list":{"0":"post-14495","1":"product","2":"type-product","3":"status-publish","4":"has-post-thumbnail","6":"product_cat-sale-shop","8":"first","9":"instock","10":"sale","11":"shipping-taxable","12":"purchasable","13":"product-type-simple"},"acf":[],"_links":{"self":[{"href":"https:\/\/clearnames.shop\/de\/wp-json\/wp\/v2\/product\/14495","targetHints":{"allow":["GET"]}}],"collection":[{"href":"https:\/\/clearnames.shop\/de\/wp-json\/wp\/v2\/product"}],"about":[{"href":"https:\/\/clearnames.shop\/de\/wp-json\/wp\/v2\/types\/product"}],"replies":[{"embeddable":true,"href":"https:\/\/clearnames.shop\/de\/wp-json\/wp\/v2\/comments?post=14495"}],"version-history":[{"count":4,"href":"https:\/\/clearnames.shop\/de\/wp-json\/wp\/v2\/product\/14495\/revisions"}],"predecessor-version":[{"id":14523,"href":"https:\/\/clearnames.shop\/de\/wp-json\/wp\/v2\/product\/14495\/revisions\/14523"}],"wp:featuredmedia":[{"embeddable":true,"href":"https:\/\/clearnames.shop\/de\/wp-json\/wp\/v2\/media\/14496"}],"wp:attachment":[{"href":"https:\/\/clearnames.shop\/de\/wp-json\/wp\/v2\/media?parent=14495"}],"wp:term":[{"taxonomy":"brand","embeddable":true,"href":"https:\/\/clearnames.shop\/de\/wp-json\/wp\/v2\/etheme_brands?post=14495"},{"taxonomy":"product_brand","embeddable":true,"href":"https:\/\/clearnames.shop\/de\/wp-json\/wp\/v2\/product_brand?post=14495"},{"taxonomy":"product_cat","embeddable":true,"href":"https:\/\/clearnames.shop\/de\/wp-json\/wp\/v2\/product_cat?post=14495"},{"taxonomy":"product_tag","embeddable":true,"href":"https:\/\/clearnames.shop\/de\/wp-json\/wp\/v2\/product_tag?post=14495"}],"curies":[{"name":"wp","href":"https:\/\/api.w.org\/{rel}","templated":true}]}}