{"id":14082,"date":"2026-01-28T14:46:06","date_gmt":"2026-01-28T14:46:06","guid":{"rendered":"https:\/\/clearnames.shop\/?post_type=product&#038;p=14082"},"modified":"2026-02-07T04:13:42","modified_gmt":"2026-02-07T04:13:42","slug":"magic-wonder-balm%e2%9c%a8judith-williams-cosmetics","status":"publish","type":"product","link":"https:\/\/clearnames.shop\/de\/produkt\/magic-wonder-balm%e2%9c%a8judith-williams-cosmetics\/","title":{"rendered":"Magischer Wunderbalsam\u2728Judith Williams Cosmetics"},"content":{"rendered":"<div data-elementor-type=\"product-post\" data-elementor-id=\"14082\" class=\"elementor elementor-14082\" data-elementor-post-type=\"product\">\n\t\t\t\t<div class=\"elementor-element elementor-element-5c3d65fe e-grid e-con-boxed e-con e-parent\" data-id=\"5c3d65fe\" data-element_type=\"container\" data-settings=\"{&quot;ekit_has_onepagescroll_dot&quot;:&quot;yes&quot;}\">\n\t\t\t\t\t<div class=\"e-con-inner\">\n\t\t\t\t<div class=\"elementor-element elementor-element-2551422 elementor-widget elementor-widget-image\" data-id=\"2551422\" data-element_type=\"widget\" data-settings=\"{&quot;ekit_we_effect_on&quot;:&quot;none&quot;}\" data-widget_type=\"image.default\">\n\t\t\t\t<div class=\"elementor-widget-container\">\n\t\t\t\t\t\t\t\t\t\t\t\t\t\t\t<img loading=\"lazy\" decoding=\"async\" width=\"358\" height=\"448\" src=\"https:\/\/clearnames.shop\/wp-content\/uploads\/2026\/01\/088a18fe-be37-46a6-9e16-9e0152152e77-1.png\" class=\"attachment-full size-full wp-image-14219 wvs-archive-product-image\" alt=\"\" srcset=\"https:\/\/clearnames.shop\/wp-content\/uploads\/2026\/01\/088a18fe-be37-46a6-9e16-9e0152152e77-1.png 358w, https:\/\/clearnames.shop\/wp-content\/uploads\/2026\/01\/088a18fe-be37-46a6-9e16-9e0152152e77-1-240x300.png 240w, https:\/\/clearnames.shop\/wp-content\/uploads\/2026\/01\/088a18fe-be37-46a6-9e16-9e0152152e77-1-10x12.png 10w, https:\/\/clearnames.shop\/wp-content\/uploads\/2026\/01\/088a18fe-be37-46a6-9e16-9e0152152e77-1-1x1.png 1w, https:\/\/clearnames.shop\/wp-content\/uploads\/2026\/01\/088a18fe-be37-46a6-9e16-9e0152152e77-1-8x10.png 8w\" sizes=\"auto, (max-width: 358px) 100vw, 358px\" \/>\t\t\t\t\t\t\t\t\t\t\t\t\t\t\t<\/div>\n\t\t\t\t<\/div>\n\t\t\t\t<div class=\"elementor-element elementor-element-36269b0f elementor-widget elementor-widget-image\" data-id=\"36269b0f\" data-element_type=\"widget\" data-settings=\"{&quot;ekit_we_effect_on&quot;:&quot;none&quot;}\" data-widget_type=\"image.default\">\n\t\t\t\t<div class=\"elementor-widget-container\">\n\t\t\t\t\t\t\t\t\t\t\t\t\t\t\t<img loading=\"lazy\" decoding=\"async\" width=\"357\" height=\"447\" src=\"https:\/\/clearnames.shop\/wp-content\/uploads\/2026\/01\/9c7874e5-840e-4cfb-8064-49d377ba2a27-1.png\" class=\"attachment-large size-large wp-image-14220 wvs-archive-product-image\" alt=\"\" srcset=\"https:\/\/clearnames.shop\/wp-content\/uploads\/2026\/01\/9c7874e5-840e-4cfb-8064-49d377ba2a27-1.png 357w, https:\/\/clearnames.shop\/wp-content\/uploads\/2026\/01\/9c7874e5-840e-4cfb-8064-49d377ba2a27-1-240x300.png 240w, https:\/\/clearnames.shop\/wp-content\/uploads\/2026\/01\/9c7874e5-840e-4cfb-8064-49d377ba2a27-1-10x12.png 10w, https:\/\/clearnames.shop\/wp-content\/uploads\/2026\/01\/9c7874e5-840e-4cfb-8064-49d377ba2a27-1-1x1.png 1w, https:\/\/clearnames.shop\/wp-content\/uploads\/2026\/01\/9c7874e5-840e-4cfb-8064-49d377ba2a27-1-8x10.png 8w\" sizes=\"auto, (max-width: 357px) 100vw, 357px\" \/>\t\t\t\t\t\t\t\t\t\t\t\t\t\t\t<\/div>\n\t\t\t\t<\/div>\n\t\t\t\t<div class=\"elementor-element elementor-element-1e21618a elementor-widget elementor-widget-image\" data-id=\"1e21618a\" data-element_type=\"widget\" data-settings=\"{&quot;ekit_we_effect_on&quot;:&quot;none&quot;}\" data-widget_type=\"image.default\">\n\t\t\t\t<div class=\"elementor-widget-container\">\n\t\t\t\t\t\t\t\t\t\t\t\t\t\t\t<img loading=\"lazy\" decoding=\"async\" width=\"359\" height=\"450\" src=\"https:\/\/clearnames.shop\/wp-content\/uploads\/2026\/01\/d16a3e9e-758a-4201-9fe7-b995eda13eb9-1.png\" class=\"attachment-large size-large wp-image-14221 wvs-archive-product-image\" alt=\"\" srcset=\"https:\/\/clearnames.shop\/wp-content\/uploads\/2026\/01\/d16a3e9e-758a-4201-9fe7-b995eda13eb9-1.png 359w, https:\/\/clearnames.shop\/wp-content\/uploads\/2026\/01\/d16a3e9e-758a-4201-9fe7-b995eda13eb9-1-239x300.png 239w, https:\/\/clearnames.shop\/wp-content\/uploads\/2026\/01\/d16a3e9e-758a-4201-9fe7-b995eda13eb9-1-10x12.png 10w, https:\/\/clearnames.shop\/wp-content\/uploads\/2026\/01\/d16a3e9e-758a-4201-9fe7-b995eda13eb9-1-1x1.png 1w, https:\/\/clearnames.shop\/wp-content\/uploads\/2026\/01\/d16a3e9e-758a-4201-9fe7-b995eda13eb9-1-8x10.png 8w\" sizes=\"auto, (max-width: 359px) 100vw, 359px\" \/>\t\t\t\t\t\t\t\t\t\t\t\t\t\t\t<\/div>\n\t\t\t\t<\/div>\n\t\t\t\t<div class=\"elementor-element elementor-element-599be8be elementor-widget elementor-widget-image\" data-id=\"599be8be\" data-element_type=\"widget\" data-settings=\"{&quot;ekit_we_effect_on&quot;:&quot;none&quot;}\" data-widget_type=\"image.default\">\n\t\t\t\t<div class=\"elementor-widget-container\">\n\t\t\t\t\t\t\t\t\t\t\t\t\t\t\t<img loading=\"lazy\" decoding=\"async\" width=\"360\" height=\"450\" src=\"https:\/\/clearnames.shop\/wp-content\/uploads\/2026\/01\/05250853-fa4a-4a4b-89ec-5167f7e2f710.png\" class=\"attachment-large size-large wp-image-14222 wvs-archive-product-image\" alt=\"\" srcset=\"https:\/\/clearnames.shop\/wp-content\/uploads\/2026\/01\/05250853-fa4a-4a4b-89ec-5167f7e2f710.png 360w, https:\/\/clearnames.shop\/wp-content\/uploads\/2026\/01\/05250853-fa4a-4a4b-89ec-5167f7e2f710-240x300.png 240w, https:\/\/clearnames.shop\/wp-content\/uploads\/2026\/01\/05250853-fa4a-4a4b-89ec-5167f7e2f710-10x12.png 10w, https:\/\/clearnames.shop\/wp-content\/uploads\/2026\/01\/05250853-fa4a-4a4b-89ec-5167f7e2f710-1x1.png 1w, https:\/\/clearnames.shop\/wp-content\/uploads\/2026\/01\/05250853-fa4a-4a4b-89ec-5167f7e2f710-8x10.png 8w\" sizes=\"auto, (max-width: 360px) 100vw, 360px\" \/>\t\t\t\t\t\t\t\t\t\t\t\t\t\t\t<\/div>\n\t\t\t\t<\/div>\n\t\t\t\t<div class=\"elementor-element elementor-element-3b4246f0 elementor-widget elementor-widget-image\" data-id=\"3b4246f0\" data-element_type=\"widget\" data-settings=\"{&quot;ekit_we_effect_on&quot;:&quot;none&quot;}\" data-widget_type=\"image.default\">\n\t\t\t\t<div class=\"elementor-widget-container\">\n\t\t\t\t\t\t\t\t\t\t\t\t\t\t\t<img loading=\"lazy\" decoding=\"async\" width=\"357\" height=\"448\" src=\"https:\/\/clearnames.shop\/wp-content\/uploads\/2026\/01\/d15f19cf-3c71-4e4d-8433-d89b429859f3.png\" class=\"attachment-large size-large wp-image-14223 wvs-archive-product-image\" alt=\"\" srcset=\"https:\/\/clearnames.shop\/wp-content\/uploads\/2026\/01\/d15f19cf-3c71-4e4d-8433-d89b429859f3.png 357w, https:\/\/clearnames.shop\/wp-content\/uploads\/2026\/01\/d15f19cf-3c71-4e4d-8433-d89b429859f3-239x300.png 239w, https:\/\/clearnames.shop\/wp-content\/uploads\/2026\/01\/d15f19cf-3c71-4e4d-8433-d89b429859f3-10x12.png 10w, https:\/\/clearnames.shop\/wp-content\/uploads\/2026\/01\/d15f19cf-3c71-4e4d-8433-d89b429859f3-1x1.png 1w, https:\/\/clearnames.shop\/wp-content\/uploads\/2026\/01\/d15f19cf-3c71-4e4d-8433-d89b429859f3-8x10.png 8w\" sizes=\"auto, (max-width: 357px) 100vw, 357px\" \/>\t\t\t\t\t\t\t\t\t\t\t\t\t\t\t<\/div>\n\t\t\t\t<\/div>\n\t\t\t\t<div class=\"elementor-element elementor-element-58ae21c1 elementor-widget elementor-widget-image\" data-id=\"58ae21c1\" data-element_type=\"widget\" data-settings=\"{&quot;ekit_we_effect_on&quot;:&quot;none&quot;}\" data-widget_type=\"image.default\">\n\t\t\t\t<div class=\"elementor-widget-container\">\n\t\t\t\t\t\t\t\t\t\t\t\t\t\t\t<img loading=\"lazy\" decoding=\"async\" width=\"355\" height=\"449\" src=\"https:\/\/clearnames.shop\/wp-content\/uploads\/2026\/01\/757edf87-a18f-4de8-885a-dc1dc7259161.png\" class=\"attachment-large size-large wp-image-14224 wvs-archive-product-image\" alt=\"\" srcset=\"https:\/\/clearnames.shop\/wp-content\/uploads\/2026\/01\/757edf87-a18f-4de8-885a-dc1dc7259161.png 355w, https:\/\/clearnames.shop\/wp-content\/uploads\/2026\/01\/757edf87-a18f-4de8-885a-dc1dc7259161-237x300.png 237w, https:\/\/clearnames.shop\/wp-content\/uploads\/2026\/01\/757edf87-a18f-4de8-885a-dc1dc7259161-9x12.png 9w, https:\/\/clearnames.shop\/wp-content\/uploads\/2026\/01\/757edf87-a18f-4de8-885a-dc1dc7259161-1x1.png 1w, https:\/\/clearnames.shop\/wp-content\/uploads\/2026\/01\/757edf87-a18f-4de8-885a-dc1dc7259161-8x10.png 8w\" sizes=\"auto, (max-width: 355px) 100vw, 355px\" \/>\t\t\t\t\t\t\t\t\t\t\t\t\t\t\t<\/div>\n\t\t\t\t<\/div>\n\t\t\t\t<div class=\"elementor-element elementor-element-48cb6198 elementor-widget elementor-widget-image\" data-id=\"48cb6198\" data-element_type=\"widget\" data-settings=\"{&quot;ekit_we_effect_on&quot;:&quot;none&quot;}\" data-widget_type=\"image.default\">\n\t\t\t\t<div class=\"elementor-widget-container\">\n\t\t\t\t\t\t\t\t\t\t\t\t\t\t\t<img loading=\"lazy\" decoding=\"async\" width=\"361\" height=\"451\" src=\"https:\/\/clearnames.shop\/wp-content\/uploads\/2026\/01\/a468f04b-ad8c-47df-b80f-37cab3041fdc.png\" class=\"attachment-large size-large wp-image-14225 wvs-archive-product-image\" alt=\"\" srcset=\"https:\/\/clearnames.shop\/wp-content\/uploads\/2026\/01\/a468f04b-ad8c-47df-b80f-37cab3041fdc.png 361w, https:\/\/clearnames.shop\/wp-content\/uploads\/2026\/01\/a468f04b-ad8c-47df-b80f-37cab3041fdc-240x300.png 240w, https:\/\/clearnames.shop\/wp-content\/uploads\/2026\/01\/a468f04b-ad8c-47df-b80f-37cab3041fdc-10x12.png 10w, https:\/\/clearnames.shop\/wp-content\/uploads\/2026\/01\/a468f04b-ad8c-47df-b80f-37cab3041fdc-1x1.png 1w, https:\/\/clearnames.shop\/wp-content\/uploads\/2026\/01\/a468f04b-ad8c-47df-b80f-37cab3041fdc-8x10.png 8w\" sizes=\"auto, (max-width: 361px) 100vw, 361px\" \/>\t\t\t\t\t\t\t\t\t\t\t\t\t\t\t<\/div>\n\t\t\t\t<\/div>\n\t\t\t\t<div class=\"elementor-element elementor-element-4f741678 elementor-widget elementor-widget-image\" data-id=\"4f741678\" data-element_type=\"widget\" data-settings=\"{&quot;ekit_we_effect_on&quot;:&quot;none&quot;}\" data-widget_type=\"image.default\">\n\t\t\t\t<div class=\"elementor-widget-container\">\n\t\t\t\t\t\t\t\t\t\t\t\t\t\t\t<img loading=\"lazy\" decoding=\"async\" width=\"357\" height=\"451\" src=\"https:\/\/clearnames.shop\/wp-content\/uploads\/2026\/01\/ccc9c5a7-e33f-4571-82b8-d0b911d4de6d.png\" class=\"attachment-large size-large wp-image-14226 wvs-archive-product-image\" alt=\"\" srcset=\"https:\/\/clearnames.shop\/wp-content\/uploads\/2026\/01\/ccc9c5a7-e33f-4571-82b8-d0b911d4de6d.png 357w, https:\/\/clearnames.shop\/wp-content\/uploads\/2026\/01\/ccc9c5a7-e33f-4571-82b8-d0b911d4de6d-237x300.png 237w, https:\/\/clearnames.shop\/wp-content\/uploads\/2026\/01\/ccc9c5a7-e33f-4571-82b8-d0b911d4de6d-9x12.png 9w, https:\/\/clearnames.shop\/wp-content\/uploads\/2026\/01\/ccc9c5a7-e33f-4571-82b8-d0b911d4de6d-1x1.png 1w, https:\/\/clearnames.shop\/wp-content\/uploads\/2026\/01\/ccc9c5a7-e33f-4571-82b8-d0b911d4de6d-8x10.png 8w\" sizes=\"auto, (max-width: 357px) 100vw, 357px\" \/>\t\t\t\t\t\t\t\t\t\t\t\t\t\t\t<\/div>\n\t\t\t\t<\/div>\n\t\t\t\t<div class=\"elementor-element elementor-element-a4e909e elementor-widget elementor-widget-image\" data-id=\"a4e909e\" data-element_type=\"widget\" data-settings=\"{&quot;ekit_we_effect_on&quot;:&quot;none&quot;}\" data-widget_type=\"image.default\">\n\t\t\t\t<div class=\"elementor-widget-container\">\n\t\t\t\t\t\t\t\t\t\t\t\t\t\t\t<img loading=\"lazy\" decoding=\"async\" width=\"360\" height=\"452\" src=\"https:\/\/clearnames.shop\/wp-content\/uploads\/2026\/01\/856ced34-1438-4ea5-b2ac-09ecfe9701af.png\" class=\"attachment-large size-large wp-image-14227 wvs-archive-product-image\" alt=\"\" srcset=\"https:\/\/clearnames.shop\/wp-content\/uploads\/2026\/01\/856ced34-1438-4ea5-b2ac-09ecfe9701af.png 360w, https:\/\/clearnames.shop\/wp-content\/uploads\/2026\/01\/856ced34-1438-4ea5-b2ac-09ecfe9701af-239x300.png 239w, https:\/\/clearnames.shop\/wp-content\/uploads\/2026\/01\/856ced34-1438-4ea5-b2ac-09ecfe9701af-10x12.png 10w, https:\/\/clearnames.shop\/wp-content\/uploads\/2026\/01\/856ced34-1438-4ea5-b2ac-09ecfe9701af-1x1.png 1w, https:\/\/clearnames.shop\/wp-content\/uploads\/2026\/01\/856ced34-1438-4ea5-b2ac-09ecfe9701af-8x10.png 8w\" sizes=\"auto, (max-width: 360px) 100vw, 360px\" \/>\t\t\t\t\t\t\t\t\t\t\t\t\t\t\t<\/div>\n\t\t\t\t<\/div>\n\t\t\t\t\t<\/div>\n\t\t\t\t<\/div>\n\t\t<div class=\"elementor-element elementor-element-15f7cde6 e-flex e-con-boxed e-con e-parent\" data-id=\"15f7cde6\" data-element_type=\"container\" data-settings=\"{&quot;ekit_has_onepagescroll_dot&quot;:&quot;yes&quot;}\">\n\t\t\t\t\t<div class=\"e-con-inner\">\n\t\t\t\t<div class=\"elementor-element elementor-element-554c519a elementor-widget elementor-widget-text-editor\" data-id=\"554c519a\" data-element_type=\"widget\" data-settings=\"{&quot;ekit_we_effect_on&quot;:&quot;none&quot;}\" data-widget_type=\"text-editor.default\">\n\t\t\t\t<div class=\"elementor-widget-container\">\n\t\t\t\t\t\t\t\t\t<!DOCTYPE html>\n<html lang=\"en\">\n<head>\n    <meta charset=\"UTF-8\">\n    <meta name=\"viewport\" content=\"width=device-width, initial-scale=1.0\">\n    <style>\n        table {\n            width: 100%;\n            border-collapse: collapse;\n        }\n        tr {\n            border-bottom: 1px solid #000;\n        }\n        td {\n            text-align: left;\n            padding: 8px 5px;\n            border: none;\n        }\n        .label {\n            font-weight: bold;\n        }\n    <\/style>\n<\/head>\n<body>\n    <table>\n        <tr>\n            <td class=\"label\">Farbe<\/td>\n            <td>Wei\u00df<\/td>\n        <\/tr>\n        <tr>\n            <td class=\"label\">Artikel Form<\/td>\n            <td>Creme<\/td>\n        <\/tr>\n        <tr>\n            <td class=\"label\">Artikel Volumen<\/td>\n            <td>30 Milliliter<\/td>\n        <\/tr>\n        <tr>\n            <td class=\"label\">Hauttyp<\/td>\n            <td>Alle<\/td>\n        <\/tr>\n        <tr>\n            <td class=\"label\">Wirkung der Augenbehandlung<\/td>\n            <td>Reisegr\u00f6\u00dfe<\/td>\n        <\/tr>\n    <\/table>\n<\/body>\n<\/html>\t\t\t\t\t\t\t\t<\/div>\n\t\t\t\t<\/div>\n\t\t\t\t\t<\/div>\n\t\t\t\t<\/div>\n\t\t\t\t<\/div>","protected":false},"excerpt":{"rendered":"<p>\u00dcber dieses Produkt:<\/p>\n<p>Anpassung an den Hautton: Die wertvollen Pigmente passen sich jedem Hautton an und verwandeln sich bei Anwendung in eine zweite magisch mattierende Haut. R\u00f6tungen werden abgedeckt, Unebenheiten verschwinden und dunkle Schatten unter den Augen werden sichtbar reduziert.<\/p>\n<p>Pflegt feine (Trockenheits-)F\u00e4ltchen: Wertvolle Hyalurons\u00e4ure sorgt f\u00fcr einen optischen Anti-Aging-Effekt und intensive Feuchtigkeitsversorgung. Die Haut wird optisch aufgepolstert und gegl\u00e4ttet und den ganzen Tag \u00fcber optimal mit Feuchtigkeit versorgt.<\/p>\n<p>MAKE-UP &amp; TAGESCREME IN EINEM: Ihre Pflege und Ihr Make-up in einem Produkt! Die samtig-leichte Textur bietet ein angenehmes Hautgef\u00fchl und sorgt gleichzeitig f\u00fcr einen perfekt mattierten Teint.<\/p>\n<p>Schutz vor lichtbedingter Hautalterung: Der Lichtschutzfaktor 15 sch\u00fctzt vor lichtinduzierter Hautalterung und bewahrt vor sch\u00e4dlicher UVA- und UVB-Strahlung.<\/p>","protected":false},"featured_media":14187,"comment_status":"open","ping_status":"closed","template":"","meta":{"_acf_changed":false},"etheme_brands":[],"product_brand":[],"product_cat":[118],"product_tag":[],"class_list":{"0":"post-14082","1":"product","2":"type-product","3":"status-publish","4":"has-post-thumbnail","6":"product_cat-sale-shop","8":"first","9":"instock","10":"sale","11":"shipping-taxable","12":"purchasable","13":"product-type-simple"},"acf":[],"_links":{"self":[{"href":"https:\/\/clearnames.shop\/de\/wp-json\/wp\/v2\/product\/14082","targetHints":{"allow":["GET"]}}],"collection":[{"href":"https:\/\/clearnames.shop\/de\/wp-json\/wp\/v2\/product"}],"about":[{"href":"https:\/\/clearnames.shop\/de\/wp-json\/wp\/v2\/types\/product"}],"replies":[{"embeddable":true,"href":"https:\/\/clearnames.shop\/de\/wp-json\/wp\/v2\/comments?post=14082"}],"version-history":[{"count":7,"href":"https:\/\/clearnames.shop\/de\/wp-json\/wp\/v2\/product\/14082\/revisions"}],"predecessor-version":[{"id":14481,"href":"https:\/\/clearnames.shop\/de\/wp-json\/wp\/v2\/product\/14082\/revisions\/14481"}],"wp:featuredmedia":[{"embeddable":true,"href":"https:\/\/clearnames.shop\/de\/wp-json\/wp\/v2\/media\/14187"}],"wp:attachment":[{"href":"https:\/\/clearnames.shop\/de\/wp-json\/wp\/v2\/media?parent=14082"}],"wp:term":[{"taxonomy":"brand","embeddable":true,"href":"https:\/\/clearnames.shop\/de\/wp-json\/wp\/v2\/etheme_brands?post=14082"},{"taxonomy":"product_brand","embeddable":true,"href":"https:\/\/clearnames.shop\/de\/wp-json\/wp\/v2\/product_brand?post=14082"},{"taxonomy":"product_cat","embeddable":true,"href":"https:\/\/clearnames.shop\/de\/wp-json\/wp\/v2\/product_cat?post=14082"},{"taxonomy":"product_tag","embeddable":true,"href":"https:\/\/clearnames.shop\/de\/wp-json\/wp\/v2\/product_tag?post=14082"}],"curies":[{"name":"wp","href":"https:\/\/api.w.org\/{rel}","templated":true}]}}